{"id":5488,"date":"2025-05-28T13:21:12","date_gmt":"2025-05-28T17:21:12","guid":{"rendered":"https:\/\/elevateclinic.ca\/blogue\/"},"modified":"2025-06-20T18:21:04","modified_gmt":"2025-06-20T22:21:04","slug":"blogue","status":"publish","type":"page","link":"https:\/\/elevateclinic.ca\/fr\/blogue\/","title":{"rendered":"blogue"},"content":{"rendered":"\t\t<div data-elementor-type=\"wp-page\" data-elementor-id=\"5488\" class=\"elementor elementor-5488 elementor-5389\" data-elementor-post-type=\"page\">\n\t\t\t\t<div class=\"elementor-element elementor-element-6c17104 e-flex e-con-boxed e-con e-parent\" data-id=\"6c17104\" data-element_type=\"container\">\n\t\t\t\t\t<div class=\"e-con-inner\">\n\t\t\t\t<div class=\"elementor-element elementor-element-0412055 elementor-grid-4 elementor-grid-tablet-2 elementor-grid-mobile-1 elementor-widget elementor-widget-loop-grid\" data-id=\"0412055\" data-element_type=\"widget\" data-settings=\"{&quot;template_id&quot;:5458,&quot;columns&quot;:4,&quot;_skin&quot;:&quot;post&quot;,&quot;columns_tablet&quot;:&quot;2&quot;,&quot;columns_mobile&quot;:&quot;1&quot;,&quot;edit_handle_selector&quot;:&quot;[data-elementor-type=\\&quot;loop-item\\&quot;]&quot;,&quot;row_gap&quot;:{&quot;unit&quot;:&quot;px&quot;,&quot;size&quot;:&quot;&quot;,&quot;sizes&quot;:[]},&quot;row_gap_tablet&quot;:{&quot;unit&quot;:&quot;px&quot;,&quot;size&quot;:&quot;&quot;,&quot;sizes&quot;:[]},&quot;row_gap_mobile&quot;:{&quot;unit&quot;:&quot;px&quot;,&quot;size&quot;:&quot;&quot;,&quot;sizes&quot;:[]}}\" data-widget_type=\"loop-grid.post\">\n\t\t\t\t<div class=\"elementor-widget-container\">\n\t\t\t\t\t\t\t<div class=\"elementor-loop-container elementor-grid\" role=\"list\">\n\t\t<style id=\"loop-dynamic-5458\">.e-loop-item-7699 .elementor-element.elementor-element-e42be38:not(.elementor-motion-effects-element-type-background), .e-loop-item-7699 .elementor-element.elementor-element-e42be38 > .elementor-motion-effects-container > .elementor-motion-effects-layer{background-image:url(\"https:\/\/elevateclinic.ca\/wp-content\/uploads\/2026\/04\/Postpartum-Blog-Image.png\");}<\/style><style id=\"loop-5458\">.elementor-5458 .elementor-element.elementor-element-e42be38{--display:flex;--flex-direction:column;--container-widget-width:calc( ( 1 - var( --container-widget-flex-grow ) ) * 100% );--container-widget-height:initial;--container-widget-flex-grow:0;--container-widget-align-self:initial;--flex-wrap-mobile:wrap;--justify-content:flex-end;--align-items:center;--overlay-opacity:0.3;--padding-top:20px;--padding-bottom:48px;--padding-left:20px;--padding-right:20px;}.elementor-5458 .elementor-element.elementor-element-e42be38::before, .elementor-5458 .elementor-element.elementor-element-e42be38 > .elementor-background-video-container::before, .elementor-5458 .elementor-element.elementor-element-e42be38 > .e-con-inner > .elementor-background-video-container::before, .elementor-5458 .elementor-element.elementor-element-e42be38 > .elementor-background-slideshow::before, .elementor-5458 .elementor-element.elementor-element-e42be38 > .e-con-inner > .elementor-background-slideshow::before, .elementor-5458 .elementor-element.elementor-element-e42be38 > .elementor-motion-effects-container > .elementor-motion-effects-layer::before{background-color:var( --e-global-color-529249c );--background-overlay:'';}.elementor-5458 .elementor-element.elementor-element-e42be38:not(.elementor-motion-effects-element-type-background), .elementor-5458 .elementor-element.elementor-element-e42be38 > .elementor-motion-effects-container > .elementor-motion-effects-layer{background-position:center center;background-repeat:no-repeat;background-size:cover;}.elementor-5458 .elementor-element.elementor-element-c9da839{text-align:center;}.elementor-5458 .elementor-element.elementor-element-c9da839 .elementor-heading-title{font-size:24px;font-weight:400;text-transform:uppercase;line-height:1.3em;letter-spacing:3px;}.elementor-5458 .elementor-element.elementor-element-77cb44f{width:var( --container-widget-width, 65% );max-width:65%;--container-widget-width:65%;--container-widget-flex-grow:0;text-align:right;font-size:18px;font-weight:400;line-height:1.1em;color:var( --e-global-color-text );}.elementor-5458 .elementor-element.elementor-element-77cb44f.elementor-element{--align-self:flex-end;}@media(max-width:767px){.elementor-5458 .elementor-element.elementor-element-e42be38{--padding-top:20px;--padding-bottom:150px;--padding-left:20px;--padding-right:20px;}}\/* Start custom CSS for container, class: .elementor-element-e42be38 *\/.elementor-5458 .elementor-element.elementor-element-e42be38 {\n  width: 100%;\n  aspect-ratio: 500 \/ 889;\n}\/* End custom CSS *\/<\/style>\t\t<div data-elementor-type=\"loop-item\" data-elementor-id=\"5458\" class=\"elementor elementor-5458 e-loop-item e-loop-item-7699 post-7699 post type-post status-publish format-standard has-post-thumbnail hentry category-non-classifiee\" data-elementor-post-type=\"elementor_library\" data-custom-edit-handle=\"1\">\n\t\t\t<a class=\"elementor-element elementor-element-e42be38 e-flex e-con-boxed e-con e-parent\" data-id=\"e42be38\" data-element_type=\"container\" data-settings=\"{&quot;background_background&quot;:&quot;classic&quot;}\" href=\"https:\/\/elevateclinic.ca\/fr\/le-parcours-post-partum\/\">\n\t\t\t\t\t<div class=\"e-con-inner\">\n\t\t\t\t<div class=\"elementor-element elementor-element-c9da839 elementor-widget elementor-widget-theme-post-title elementor-page-title elementor-widget-heading\" data-id=\"c9da839\" data-element_type=\"widget\" data-widget_type=\"theme-post-title.default\">\n\t\t\t\t<div class=\"elementor-widget-container\">\n\t\t\t\t\t<h1 class=\"elementor-heading-title elementor-size-default\">Le parcours post-partum<\/h1>\t\t\t\t<\/div>\n\t\t\t\t<\/div>\n\t\t\t\t<div class=\"elementor-element elementor-element-77cb44f elementor-widget__width-initial elementor-widget elementor-widget-text-editor\" data-id=\"77cb44f\" data-element_type=\"widget\" data-widget_type=\"text-editor.default\">\n\t\t\t\t<div class=\"elementor-widget-container\">\n\t\t\t\t\t\t\t\t\tTrouver sa Voie\t\t\t\t\t\t\t\t<\/div>\n\t\t\t\t<\/div>\n\t\t\t\t\t<\/div>\n\t\t\t\t<\/a>\n\t\t\t\t<\/div>\n\t\t<style id=\"loop-dynamic-5458\">.e-loop-item-5484 .elementor-element.elementor-element-e42be38:not(.elementor-motion-effects-element-type-background), .e-loop-item-5484 .elementor-element.elementor-element-e42be38 > .elementor-motion-effects-container > .elementor-motion-effects-layer{background-image:url(\"https:\/\/elevateclinic.ca\/wp-content\/uploads\/2025\/05\/Sleep-Blog-sm.jpg\");}<\/style>\t\t<div data-elementor-type=\"loop-item\" data-elementor-id=\"5458\" class=\"elementor elementor-5458 e-loop-item e-loop-item-5484 post-5484 post type-post status-publish format-standard has-post-thumbnail hentry category-non-classifiee\" data-elementor-post-type=\"elementor_library\" data-custom-edit-handle=\"1\">\n\t\t\t<a class=\"elementor-element elementor-element-e42be38 e-flex e-con-boxed e-con e-parent\" data-id=\"e42be38\" data-element_type=\"container\" data-settings=\"{&quot;background_background&quot;:&quot;classic&quot;}\" href=\"https:\/\/elevateclinic.ca\/fr\/conversation-sur-loreiller\/\">\n\t\t\t\t\t<div class=\"e-con-inner\">\n\t\t\t\t<div class=\"elementor-element elementor-element-c9da839 elementor-widget elementor-widget-theme-post-title elementor-page-title elementor-widget-heading\" data-id=\"c9da839\" data-element_type=\"widget\" data-widget_type=\"theme-post-title.default\">\n\t\t\t\t<div class=\"elementor-widget-container\">\n\t\t\t\t\t<h1 class=\"elementor-heading-title elementor-size-default\">Conversation sur l\u2019oreiller<\/h1>\t\t\t\t<\/div>\n\t\t\t\t<\/div>\n\t\t\t\t<div class=\"elementor-element elementor-element-77cb44f elementor-widget__width-initial elementor-widget elementor-widget-text-editor\" data-id=\"77cb44f\" data-element_type=\"widget\" data-widget_type=\"text-editor.default\">\n\t\t\t\t<div class=\"elementor-widget-container\">\n\t\t\t\t\t\t\t\t\tle lien entre le sommeil et la sant\u00e9 mentale\t\t\t\t\t\t\t\t<\/div>\n\t\t\t\t<\/div>\n\t\t\t\t\t<\/div>\n\t\t\t\t<\/a>\n\t\t\t\t<\/div>\n\t\t<style id=\"loop-dynamic-5458\">.e-loop-item-5485 .elementor-element.elementor-element-e42be38:not(.elementor-motion-effects-element-type-background), .e-loop-item-5485 .elementor-element.elementor-element-e42be38 > .elementor-motion-effects-container > .elementor-motion-effects-layer{background-image:url(\"https:\/\/elevateclinic.ca\/wp-content\/uploads\/2025\/05\/Burnout-Blog-sm.jpg\");}<\/style>\t\t<div data-elementor-type=\"loop-item\" data-elementor-id=\"5458\" class=\"elementor elementor-5458 e-loop-item e-loop-item-5485 post-5485 post type-post status-publish format-standard has-post-thumbnail hentry category-non-classifiee\" data-elementor-post-type=\"elementor_library\" data-custom-edit-handle=\"1\">\n\t\t\t<a class=\"elementor-element elementor-element-e42be38 e-flex e-con-boxed e-con e-parent\" data-id=\"e42be38\" data-element_type=\"container\" data-settings=\"{&quot;background_background&quot;:&quot;classic&quot;}\" href=\"https:\/\/elevateclinic.ca\/fr\/prevenir-lepuisement\/\">\n\t\t\t\t\t<div class=\"e-con-inner\">\n\t\t\t\t<div class=\"elementor-element elementor-element-c9da839 elementor-widget elementor-widget-theme-post-title elementor-page-title elementor-widget-heading\" data-id=\"c9da839\" data-element_type=\"widget\" data-widget_type=\"theme-post-title.default\">\n\t\t\t\t<div class=\"elementor-widget-container\">\n\t\t\t\t\t<h1 class=\"elementor-heading-title elementor-size-default\">Pr\u00e9venir l&#8217;\u00e9puisement<\/h1>\t\t\t\t<\/div>\n\t\t\t\t<\/div>\n\t\t\t\t<div class=\"elementor-element elementor-element-77cb44f elementor-widget__width-initial elementor-widget elementor-widget-text-editor\" data-id=\"77cb44f\" data-element_type=\"widget\" data-widget_type=\"text-editor.default\">\n\t\t\t\t<div class=\"elementor-widget-container\">\n\t\t\t\t\t\t\t\t\treconna\u00eetre les signes et prot\u00e9ger sa sant\u00e9 mentale\t\t\t\t\t\t\t\t<\/div>\n\t\t\t\t<\/div>\n\t\t\t\t\t<\/div>\n\t\t\t\t<\/a>\n\t\t\t\t<\/div>\n\t\t<style id=\"loop-dynamic-5458\">.e-loop-item-5486 .elementor-element.elementor-element-e42be38:not(.elementor-motion-effects-element-type-background), .e-loop-item-5486 .elementor-element.elementor-element-e42be38 > .elementor-motion-effects-container > .elementor-motion-effects-layer{background-image:url(\"https:\/\/elevateclinic.ca\/wp-content\/uploads\/2025\/05\/Support-Blog-sm.jpg\");}<\/style>\t\t<div data-elementor-type=\"loop-item\" data-elementor-id=\"5458\" class=\"elementor elementor-5458 e-loop-item e-loop-item-5486 post-5486 post type-post status-publish format-standard has-post-thumbnail hentry category-non-classifiee\" data-elementor-post-type=\"elementor_library\" data-custom-edit-handle=\"1\">\n\t\t\t<a class=\"elementor-element elementor-element-e42be38 e-flex e-con-boxed e-con e-parent\" data-id=\"e42be38\" data-element_type=\"container\" data-settings=\"{&quot;background_background&quot;:&quot;classic&quot;}\" href=\"https:\/\/elevateclinic.ca\/fr\/affronter-lanxiete-ensemble\/\">\n\t\t\t\t\t<div class=\"e-con-inner\">\n\t\t\t\t<div class=\"elementor-element elementor-element-c9da839 elementor-widget elementor-widget-theme-post-title elementor-page-title elementor-widget-heading\" data-id=\"c9da839\" data-element_type=\"widget\" data-widget_type=\"theme-post-title.default\">\n\t\t\t\t<div class=\"elementor-widget-container\">\n\t\t\t\t\t<h1 class=\"elementor-heading-title elementor-size-default\">Affronter l\u2019anxi\u00e9t\u00e9 ensemble<\/h1>\t\t\t\t<\/div>\n\t\t\t\t<\/div>\n\t\t\t\t<div class=\"elementor-element elementor-element-77cb44f elementor-widget__width-initial elementor-widget elementor-widget-text-editor\" data-id=\"77cb44f\" data-element_type=\"widget\" data-widget_type=\"text-editor.default\">\n\t\t\t\t<div class=\"elementor-widget-container\">\n\t\t\t\t\t\t\t\t\tconseils pour soutenir vos proches\t\t\t\t\t\t\t\t<\/div>\n\t\t\t\t<\/div>\n\t\t\t\t\t<\/div>\n\t\t\t\t<\/a>\n\t\t\t\t<\/div>\n\t\t<style id=\"loop-dynamic-5458\">.e-loop-item-5487 .elementor-element.elementor-element-e42be38:not(.elementor-motion-effects-element-type-background), .e-loop-item-5487 .elementor-element.elementor-element-e42be38 > .elementor-motion-effects-container > .elementor-motion-effects-layer{background-image:url(\"https:\/\/elevateclinic.ca\/wp-content\/uploads\/2025\/05\/Child-Blog-sm.jpg\");}<\/style>\t\t<div data-elementor-type=\"loop-item\" data-elementor-id=\"5458\" class=\"elementor elementor-5458 e-loop-item e-loop-item-5487 post-5487 post type-post status-publish format-standard has-post-thumbnail hentry category-non-classifiee\" data-elementor-post-type=\"elementor_library\" data-custom-edit-handle=\"1\">\n\t\t\t<a class=\"elementor-element elementor-element-e42be38 e-flex e-con-boxed e-con e-parent\" data-id=\"e42be38\" data-element_type=\"container\" data-settings=\"{&quot;background_background&quot;:&quot;classic&quot;}\" href=\"https:\/\/elevateclinic.ca\/fr\/etre-parent-dun-enfant-anxieux\/\">\n\t\t\t\t\t<div class=\"e-con-inner\">\n\t\t\t\t<div class=\"elementor-element elementor-element-c9da839 elementor-widget elementor-widget-theme-post-title elementor-page-title elementor-widget-heading\" data-id=\"c9da839\" data-element_type=\"widget\" data-widget_type=\"theme-post-title.default\">\n\t\t\t\t<div class=\"elementor-widget-container\">\n\t\t\t\t\t<h1 class=\"elementor-heading-title elementor-size-default\">\u00catre parent d\u2019un enfant anxieux<\/h1>\t\t\t\t<\/div>\n\t\t\t\t<\/div>\n\t\t\t\t<div class=\"elementor-element elementor-element-77cb44f elementor-widget__width-initial elementor-widget elementor-widget-text-editor\" data-id=\"77cb44f\" data-element_type=\"widget\" data-widget_type=\"text-editor.default\">\n\t\t\t\t<div class=\"elementor-widget-container\">\n\t\t\t\t\t\t\t\t\tperspectives d\u2019experts et conseils pratiques\t\t\t\t\t\t\t\t<\/div>\n\t\t\t\t<\/div>\n\t\t\t\t\t<\/div>\n\t\t\t\t<\/a>\n\t\t\t\t<\/div>\n\t\t\t\t<\/div>\n\t\t\n\t\t\t\t\t\t<\/div>\n\t\t\t\t<\/div>\n\t\t\t\t\t<\/div>\n\t\t\t\t<\/div>\n\t\t\t\t<\/div>\n\t\t","protected":false},"excerpt":{"rendered":"","protected":false},"author":1,"featured_media":0,"parent":0,"menu_order":0,"comment_status":"closed","ping_status":"closed","template":"","meta":{"_acf_changed":false,"footnotes":""},"class_list":["post-5488","page","type-page","status-publish","hentry"],"acf":[],"yoast_head":"<!-- This site is optimized with the Yoast SEO plugin v25.4 - https:\/\/yoast.com\/wordpress\/plugins\/seo\/ -->\n<title>blogue | Elevate Psychotherapy and Wellness Clinic<\/title>\n<meta name=\"robots\" content=\"index, follow, max-snippet:-1, max-image-preview:large, max-video-preview:-1\" \/>\n<link rel=\"canonical\" href=\"https:\/\/elevateclinic.ca\/fr\/blogue\/\" \/>\n<meta property=\"og:locale\" content=\"fr_FR\" \/>\n<meta property=\"og:type\" content=\"article\" \/>\n<meta property=\"og:title\" content=\"blogue | Elevate Psychotherapy and Wellness Clinic\" \/>\n<meta property=\"og:url\" content=\"https:\/\/elevateclinic.ca\/fr\/blogue\/\" \/>\n<meta property=\"og:site_name\" content=\"Elevate Psychotherapy and Wellness Clinic\" \/>\n<meta property=\"article:publisher\" content=\"https:\/\/www.facebook.com\/p\/Elevate-Psychotherapy-Wellness-Clinic-61554406267176\/\" \/>\n<meta property=\"article:modified_time\" content=\"2025-06-20T22:21:04+00:00\" \/>\n<meta name=\"twitter:card\" content=\"summary_large_image\" \/>\n<script type=\"application\/ld+json\" class=\"yoast-schema-graph\">{\"@context\":\"https:\/\/schema.org\",\"@graph\":[{\"@type\":\"WebPage\",\"@id\":\"https:\/\/elevateclinic.ca\/fr\/blogue\/\",\"url\":\"https:\/\/elevateclinic.ca\/fr\/blogue\/\",\"name\":\"blogue | Elevate Psychotherapy and Wellness Clinic\",\"isPartOf\":{\"@id\":\"https:\/\/elevateclinic.ca\/fr\/#website\"},\"datePublished\":\"2025-05-28T17:21:12+00:00\",\"dateModified\":\"2025-06-20T22:21:04+00:00\",\"breadcrumb\":{\"@id\":\"https:\/\/elevateclinic.ca\/fr\/blogue\/#breadcrumb\"},\"inLanguage\":\"fr-FR\",\"potentialAction\":[{\"@type\":\"ReadAction\",\"target\":[\"https:\/\/elevateclinic.ca\/fr\/blogue\/\"]}]},{\"@type\":\"BreadcrumbList\",\"@id\":\"https:\/\/elevateclinic.ca\/fr\/blogue\/#breadcrumb\",\"itemListElement\":[{\"@type\":\"ListItem\",\"position\":1,\"name\":\"Home\",\"item\":\"https:\/\/elevateclinic.ca\/fr\/\"},{\"@type\":\"ListItem\",\"position\":2,\"name\":\"blogue\"}]},{\"@type\":\"WebSite\",\"@id\":\"https:\/\/elevateclinic.ca\/fr\/#website\",\"url\":\"https:\/\/elevateclinic.ca\/fr\/\",\"name\":\"Elevate Psychotherapy and Wellness Clinic\",\"description\":\"| Montreal Psychologists and Neuropsychologists\",\"publisher\":{\"@id\":\"https:\/\/elevateclinic.ca\/fr\/#organization\"},\"potentialAction\":[{\"@type\":\"SearchAction\",\"target\":{\"@type\":\"EntryPoint\",\"urlTemplate\":\"https:\/\/elevateclinic.ca\/fr\/?s={search_term_string}\"},\"query-input\":{\"@type\":\"PropertyValueSpecification\",\"valueRequired\":true,\"valueName\":\"search_term_string\"}}],\"inLanguage\":\"fr-FR\"},{\"@type\":\"Organization\",\"@id\":\"https:\/\/elevateclinic.ca\/fr\/#organization\",\"name\":\"Elevate Psychotherapy and Wellness Clinic\",\"url\":\"https:\/\/elevateclinic.ca\/fr\/\",\"logo\":{\"@type\":\"ImageObject\",\"inLanguage\":\"fr-FR\",\"@id\":\"https:\/\/elevateclinic.ca\/fr\/#\/schema\/logo\/image\/\",\"url\":\"https:\/\/elevateclinic.ca\/wp-content\/uploads\/2023\/04\/Elevate-Logo-large-2.png\",\"contentUrl\":\"https:\/\/elevateclinic.ca\/wp-content\/uploads\/2023\/04\/Elevate-Logo-large-2.png\",\"width\":1000,\"height\":581,\"caption\":\"Elevate Psychotherapy and Wellness Clinic\"},\"image\":{\"@id\":\"https:\/\/elevateclinic.ca\/fr\/#\/schema\/logo\/image\/\"},\"sameAs\":[\"https:\/\/www.facebook.com\/p\/Elevate-Psychotherapy-Wellness-Clinic-61554406267176\/\",\"https:\/\/www.linkedin.com\/company\/101170777\/admin\/dashboard\/\",\"https:\/\/www.psychologytoday.com\/ca\/therapists\/elevate-clinique-montreal-qc\/1305506\",\"https:\/\/www.psychologytoday.com\/ca\/therapists\/elevate-neuropsychology-clinic-laval-qc\/1471723\",\"https:\/\/www.psychologytoday.com\/ca\/therapists\/olivia-kuzyk-westmount-qc\/1047389\",\"https:\/\/www.psychologytoday.com\/ca\/therapists\/cristina-crivello-montreal-qc\/727527\",\"https:\/\/www.linkedin.com\/in\/cristinacrivello\/?originalSubdomain=ca\",\"https:\/\/www.linkedin.com\/in\/olivia-kuzyk-phd-984a8bb4\/?originalSubdomain=ca\",\"https:\/\/www.instagram.com\/elevatewellnessmtl\/\"]}]}<\/script>\n<!-- \/ Yoast SEO plugin. -->","yoast_head_json":{"title":"blogue | Elevate Psychotherapy and Wellness Clinic","robots":{"index":"index","follow":"follow","max-snippet":"max-snippet:-1","max-image-preview":"max-image-preview:large","max-video-preview":"max-video-preview:-1"},"canonical":"https:\/\/elevateclinic.ca\/fr\/blogue\/","og_locale":"fr_FR","og_type":"article","og_title":"blogue | Elevate Psychotherapy and Wellness Clinic","og_url":"https:\/\/elevateclinic.ca\/fr\/blogue\/","og_site_name":"Elevate Psychotherapy and Wellness Clinic","article_publisher":"https:\/\/www.facebook.com\/p\/Elevate-Psychotherapy-Wellness-Clinic-61554406267176\/","article_modified_time":"2025-06-20T22:21:04+00:00","twitter_card":"summary_large_image","schema":{"@context":"https:\/\/schema.org","@graph":[{"@type":"WebPage","@id":"https:\/\/elevateclinic.ca\/fr\/blogue\/","url":"https:\/\/elevateclinic.ca\/fr\/blogue\/","name":"blogue | Elevate Psychotherapy and Wellness Clinic","isPartOf":{"@id":"https:\/\/elevateclinic.ca\/fr\/#website"},"datePublished":"2025-05-28T17:21:12+00:00","dateModified":"2025-06-20T22:21:04+00:00","breadcrumb":{"@id":"https:\/\/elevateclinic.ca\/fr\/blogue\/#breadcrumb"},"inLanguage":"fr-FR","potentialAction":[{"@type":"ReadAction","target":["https:\/\/elevateclinic.ca\/fr\/blogue\/"]}]},{"@type":"BreadcrumbList","@id":"https:\/\/elevateclinic.ca\/fr\/blogue\/#breadcrumb","itemListElement":[{"@type":"ListItem","position":1,"name":"Home","item":"https:\/\/elevateclinic.ca\/fr\/"},{"@type":"ListItem","position":2,"name":"blogue"}]},{"@type":"WebSite","@id":"https:\/\/elevateclinic.ca\/fr\/#website","url":"https:\/\/elevateclinic.ca\/fr\/","name":"Elevate Psychotherapy and Wellness Clinic","description":"| Montreal Psychologists and Neuropsychologists","publisher":{"@id":"https:\/\/elevateclinic.ca\/fr\/#organization"},"potentialAction":[{"@type":"SearchAction","target":{"@type":"EntryPoint","urlTemplate":"https:\/\/elevateclinic.ca\/fr\/?s={search_term_string}"},"query-input":{"@type":"PropertyValueSpecification","valueRequired":true,"valueName":"search_term_string"}}],"inLanguage":"fr-FR"},{"@type":"Organization","@id":"https:\/\/elevateclinic.ca\/fr\/#organization","name":"Elevate Psychotherapy and Wellness Clinic","url":"https:\/\/elevateclinic.ca\/fr\/","logo":{"@type":"ImageObject","inLanguage":"fr-FR","@id":"https:\/\/elevateclinic.ca\/fr\/#\/schema\/logo\/image\/","url":"https:\/\/elevateclinic.ca\/wp-content\/uploads\/2023\/04\/Elevate-Logo-large-2.png","contentUrl":"https:\/\/elevateclinic.ca\/wp-content\/uploads\/2023\/04\/Elevate-Logo-large-2.png","width":1000,"height":581,"caption":"Elevate Psychotherapy and Wellness Clinic"},"image":{"@id":"https:\/\/elevateclinic.ca\/fr\/#\/schema\/logo\/image\/"},"sameAs":["https:\/\/www.facebook.com\/p\/Elevate-Psychotherapy-Wellness-Clinic-61554406267176\/","https:\/\/www.linkedin.com\/company\/101170777\/admin\/dashboard\/","https:\/\/www.psychologytoday.com\/ca\/therapists\/elevate-clinique-montreal-qc\/1305506","https:\/\/www.psychologytoday.com\/ca\/therapists\/elevate-neuropsychology-clinic-laval-qc\/1471723","https:\/\/www.psychologytoday.com\/ca\/therapists\/olivia-kuzyk-westmount-qc\/1047389","https:\/\/www.psychologytoday.com\/ca\/therapists\/cristina-crivello-montreal-qc\/727527","https:\/\/www.linkedin.com\/in\/cristinacrivello\/?originalSubdomain=ca","https:\/\/www.linkedin.com\/in\/olivia-kuzyk-phd-984a8bb4\/?originalSubdomain=ca","https:\/\/www.instagram.com\/elevatewellnessmtl\/"]}]}},"_links":{"self":[{"href":"https:\/\/elevateclinic.ca\/fr\/wp-json\/wp\/v2\/pages\/5488","targetHints":{"allow":["GET"]}}],"collection":[{"href":"https:\/\/elevateclinic.ca\/fr\/wp-json\/wp\/v2\/pages"}],"about":[{"href":"https:\/\/elevateclinic.ca\/fr\/wp-json\/wp\/v2\/types\/page"}],"author":[{"embeddable":true,"href":"https:\/\/elevateclinic.ca\/fr\/wp-json\/wp\/v2\/users\/1"}],"replies":[{"embeddable":true,"href":"https:\/\/elevateclinic.ca\/fr\/wp-json\/wp\/v2\/comments?post=5488"}],"version-history":[{"count":2,"href":"https:\/\/elevateclinic.ca\/fr\/wp-json\/wp\/v2\/pages\/5488\/revisions"}],"predecessor-version":[{"id":5513,"href":"https:\/\/elevateclinic.ca\/fr\/wp-json\/wp\/v2\/pages\/5488\/revisions\/5513"}],"wp:attachment":[{"href":"https:\/\/elevateclinic.ca\/fr\/wp-json\/wp\/v2\/media?parent=5488"}],"curies":[{"name":"wp","href":"https:\/\/api.w.org\/{rel}","templated":true}]}}